{"id":100,"date":"2026-04-17T13:34:03","date_gmt":"2026-04-17T11:34:03","guid":{"rendered":"https:\/\/notredamedelure.fr\/index.php\/?page_id=100"},"modified":"2026-04-18T21:37:29","modified_gmt":"2026-04-18T19:37:29","slug":"acces","status":"publish","type":"page","link":"https:\/\/notredamedelure.fr\/index.php\/acces\/","title":{"rendered":"Acc\u00e8s"},"content":{"rendered":"\n<div class=\"wp-block-group is-content-justification-center is-layout-flex wp-container-core-group-is-layout-b1a86d75 wp-block-group-is-layout-flex\" style=\"margin-top:0;margin-bottom:0;padding-right:var(--wp--preset--spacing--30);padding-left:var(--wp--preset--spacing--30)\">\n<figure class=\"wp-block-image size-full is-resized\"><a href=\"https:\/\/www.saint-etienne-les-orgues.fr\/\" target=\"_blank\" rel=\" noreferrer noopener\"><img decoding=\"async\" src=\"\/wp-content\/uploads\/logos\/selo_trp.png\" alt=\"\" class=\"wp-image-185\" style=\"aspect-ratio:0.7774978096925284;width:115px;height:auto\"\/><\/a><\/figure>\n\n\n\n<div class=\"wp-block-group is-vertical is-content-justification-center is-nowrap is-layout-flex wp-container-core-group-is-layout-54be60bd wp-block-group-is-layout-flex\">\n<p class=\"has-text-align-center\">\ud83d\uddfa Notre Dame de Lure<\/p>\n\n\n\n<p class=\"has-text-align-center\"><strong><a href=\"https:\/\/www.google.fr\/maps\/place\/44%C2%B005'48.5%22N+5%C2%B047'34.5%22E\" data-type=\"link\" data-id=\"https:\/\/www.google.fr\/maps\/place\/44%C2%B005'48.5%22N+5%C2%B047'34.5%22E\">44\u00b005&rsquo;48.5&Prime;N 5\u00b047&rsquo;34.5&Prime;E<\/a><\/strong><\/p>\n\n\n\n<p class=\"has-text-align-center\">\ud83c\udd7f\ufe0f Parking<\/p>\n\n\n\n<p class=\"has-text-align-center\"><strong><a href=\"https:\/\/www.google.fr\/maps\/place\/44%C2%B005'25.8%22N+5%C2%B047'33.8%22E\/\" data-type=\"link\" data-id=\"https:\/\/www.google.fr\/maps\/place\/44%C2%B005'25.8%22N+5%C2%B047'33.8%22E\/\">44\u00b005&rsquo;25.5&Prime;N 5\u00b047&rsquo;33.6&Prime;E<\/a><\/strong><\/p>\n<\/div>\n\n\n\n<figure class=\"wp-block-image size-full\"><img decoding=\"async\" src=\"\/wp-content\/uploads\/logo\/logo_ndlure_150x150_trnsp.png\" alt=\"\" class=\"wp-image-630\"\/><\/figure>\n<\/div>\n\n\n\n<div style=\"height:43px\" aria-hidden=\"true\" class=\"wp-block-spacer\"><\/div>\n\n\n\n<div class=\"wp-block-columns is-style-default is-layout-flex wp-container-core-columns-is-layout-0111f410 wp-block-columns-is-layout-flex\" style=\"padding-right:var(--wp--preset--spacing--50);padding-left:var(--wp--preset--spacing--50)\">\n<div class=\"wp-block-column is-layout-flow wp-block-column-is-layout-flow\" style=\"flex-basis:66.66%\">\n<figure class=\"wp-block-image aligncenter size-large\"><img decoding=\"async\" src=\"\/wp-content\/uploads\/abbaye\/acces\/chemin-1024x768.jpg\" alt=\"\" class=\"wp-image-59\" style=\"aspect-ratio:1.3333333677290258\"\/><figcaption class=\"wp-element-caption\">Entr\u00e9e du chemin vers Notre-Dame de Lure<\/figcaption><\/figure>\n<\/div>\n\n\n\n<div class=\"wp-block-column is-vertically-aligned-center is-layout-flow wp-block-column-is-layout-flow\" style=\"flex-basis:33.33%\">\n<p class=\"has-text-align-center\"><strong>Depuis Saint-\u00c9tienne-les-Orgues<\/strong> (9.5km)<\/p>\n\n\n\n<p class=\"has-text-align-center\">\u00c0 la sortie du village, direction Ongles \/ Banon, prendre la route de la Montagne de Lure \/ Vall\u00e9e du Jabron.<\/p>\n\n\n\n<hr class=\"wp-block-separator has-alpha-channel-opacity is-style-default\" style=\"margin-top:var(--wp--preset--spacing--40);margin-bottom:var(--wp--preset--spacing--40)\"\/>\n\n\n\n<p class=\"has-text-align-center\"><strong>Depuis Valbelle<\/strong> (35km)<\/p>\n\n\n\n<p class=\"has-text-align-center\">Direction Saint-\u00c9tienne-les-Orgues \/ Col du Pas de la Graille.<\/p>\n\n\n\n<hr class=\"wp-block-separator has-alpha-channel-opacity\" style=\"margin-top:var(--wp--preset--spacing--40);margin-bottom:var(--wp--preset--spacing--40)\"\/>\n\n\n\n<p class=\"has-text-align-center\">Acc\u00e8s possible \u00e0 pied et en v\u00e9lo par les chemins de randonn\u00e9e.<\/p>\n<\/div>\n<\/div>\n","protected":false},"excerpt":{"rendered":"<p>\ud83d\uddfa Notre Dame de Lure 44\u00b005&rsquo;48.5&Prime;N 5\u00b047&rsquo;34.5&Prime;E \ud83c\udd7f\ufe0f Parking 44\u00b005&rsquo;25.5&Prime;N 5\u00b047&rsquo;33.6&Prime;E Depuis Saint-\u00c9tienne-les-Orgues (9.5km) \u00c0 la sortie du village, direction Ongles \/ Banon, prendre la route de la Montagne de Lure \/ Vall\u00e9e du Jabron. Depuis Valbelle (35km) Direction Saint-\u00c9tienne-les-Orgues \/ Col du Pas de la Graille. Acc\u00e8s possible \u00e0 pied et en v\u00e9lo par [&hellip;]<\/p>\n","protected":false},"author":1,"featured_media":0,"parent":0,"menu_order":0,"comment_status":"closed","ping_status":"closed","template":"nd-lure-main","meta":{"footnotes":""},"class_list":["post-100","page","type-page","status-publish","hentry"],"_links":{"self":[{"href":"https:\/\/notredamedelure.fr\/index.php\/wp-json\/wp\/v2\/pages\/100","targetHints":{"allow":["GET"]}}],"collection":[{"href":"https:\/\/notredamedelure.fr\/index.php\/wp-json\/wp\/v2\/pages"}],"about":[{"href":"https:\/\/notredamedelure.fr\/index.php\/wp-json\/wp\/v2\/types\/page"}],"author":[{"embeddable":true,"href":"https:\/\/notredamedelure.fr\/index.php\/wp-json\/wp\/v2\/users\/1"}],"replies":[{"embeddable":true,"href":"https:\/\/notredamedelure.fr\/index.php\/wp-json\/wp\/v2\/comments?post=100"}],"version-history":[{"count":4,"href":"https:\/\/notredamedelure.fr\/index.php\/wp-json\/wp\/v2\/pages\/100\/revisions"}],"predecessor-version":[{"id":283,"href":"https:\/\/notredamedelure.fr\/index.php\/wp-json\/wp\/v2\/pages\/100\/revisions\/283"}],"wp:attachment":[{"href":"https:\/\/notredamedelure.fr\/index.php\/wp-json\/wp\/v2\/media?parent=100"}],"curies":[{"name":"wp","href":"https:\/\/api.w.org\/{rel}","templated":true}]}}