{"id":107,"date":"2026-04-17T14:01:18","date_gmt":"2026-04-17T12:01:18","guid":{"rendered":"https:\/\/notredamedelure.fr\/index.php\/?page_id=107"},"modified":"2026-04-18T02:38:24","modified_gmt":"2026-04-18T00:38:24","slug":"actualites","status":"publish","type":"page","link":"https:\/\/notredamedelure.fr\/index.php\/actualites\/","title":{"rendered":"Actualit\u00e9s"},"content":{"rendered":"\n<div class=\"wp-block-group has-global-padding is-layout-constrained wp-container-core-group-is-layout-bea02a06 wp-block-group-is-layout-constrained\"><ul class=\"wp-block-latest-posts__list has-dates wp-block-latest-posts\"><li><div class=\"wp-block-latest-posts__featured-image\"><img loading=\"lazy\" decoding=\"async\" width=\"150\" height=\"150\" src=\"https:\/\/notredamedelure.fr\/wp-content\/uploads\/2026\/04\/Envol-Nell-150x150.png\" class=\"attachment-thumbnail size-thumbnail wp-post-image\" alt=\"https:\/\/www.les-photos-de-nell.com\/l-envol-de-la-buse-1\" style=\"\" \/><\/div><a class=\"wp-block-latest-posts__post-title\" href=\"https:\/\/notredamedelure.fr\/index.php\/vos-retours-sur-le-site-de-lasal\/\">Vos retours sur le site de l&rsquo;ASAL<\/a><time datetime=\"2026-04-18T04:15:08+02:00\" class=\"wp-block-latest-posts__post-date\">18 avril 2026<\/time><div class=\"wp-block-latest-posts__post-excerpt\">\u00c7a y est&nbsp;: le site de l&rsquo;ASAL est en ligne et prend son envol&nbsp;! Nous invitons les membres du bureau \u00e0 l&rsquo;explorer en avant premi\u00e8re, du samedi 18 avril au dimanche 3 mai 2026, et \u00e0 noter toutes les corrections et am\u00e9liorations souhait\u00e9es.<\/div><\/li>\n<li><div class=\"wp-block-latest-posts__featured-image\"><img loading=\"lazy\" decoding=\"async\" width=\"150\" height=\"150\" src=\"https:\/\/notredamedelure.fr\/wp-content\/uploads\/2026\/04\/THP26_MULTI_FORMATS_WEB_imea-150x150.png\" class=\"attachment-thumbnail size-thumbnail wp-post-image\" alt=\"\" style=\"\" \/><\/div><a class=\"wp-block-latest-posts__post-title\" href=\"https:\/\/notredamedelure.fr\/index.php\/le-thp-2026-fait-etape-a-labbaye\/\">Le THP 2026 fait \u00e9tape \u00e0 l&rsquo;abbaye<\/a><time datetime=\"2026-04-18T01:18:25+02:00\" class=\"wp-block-latest-posts__post-date\">18 avril 2026<\/time><div class=\"wp-block-latest-posts__post-excerpt\">Le Trail de Haute Provence 2026 passe par l&rsquo;Abbaye Notre-Dame de Lure et l&rsquo;association y tient un stand de ravitaillement.<\/div><\/li>\n<li><div class=\"wp-block-latest-posts__featured-image\"><img loading=\"lazy\" decoding=\"async\" width=\"150\" height=\"150\" src=\"https:\/\/notredamedelure.fr\/wp-content\/uploads\/2026\/04\/cropped-roland-portrait-150x150.jpg\" class=\"attachment-thumbnail size-thumbnail wp-post-image\" alt=\"\" style=\"\" \/><\/div><a class=\"wp-block-latest-posts__post-title\" href=\"https:\/\/notredamedelure.fr\/index.php\/hello-world\/\">Roland Andr\u00e9, dit Delbosco fils<\/a><time datetime=\"2026-04-15T05:10:28+02:00\" class=\"wp-block-latest-posts__post-date\">15 avril 2026<\/time><div class=\"wp-block-latest-posts__post-excerpt\">Roland Andr\u00e9, dit Delbosco fils (1926-2023) \u00e9tait un artiste peintre sp\u00e9cialiste de la lumi\u00e8re, graveur, lithographe et sculpteur reconnu&#8230; et le cr\u00e9ateur du logo de l&rsquo;ASAL.<\/div><\/li>\n<\/ul><\/div>\n","protected":false},"excerpt":{"rendered":"","protected":false},"author":1,"featured_media":0,"parent":0,"menu_order":0,"comment_status":"closed","ping_status":"closed","template":"nd-lure-main","meta":{"footnotes":""},"class_list":["post-107","page","type-page","status-publish","hentry"],"_links":{"self":[{"href":"https:\/\/notredamedelure.fr\/index.php\/wp-json\/wp\/v2\/pages\/107","targetHints":{"allow":["GET"]}}],"collection":[{"href":"https:\/\/notredamedelure.fr\/index.php\/wp-json\/wp\/v2\/pages"}],"about":[{"href":"https:\/\/notredamedelure.fr\/index.php\/wp-json\/wp\/v2\/types\/page"}],"author":[{"embeddable":true,"href":"https:\/\/notredamedelure.fr\/index.php\/wp-json\/wp\/v2\/users\/1"}],"replies":[{"embeddable":true,"href":"https:\/\/notredamedelure.fr\/index.php\/wp-json\/wp\/v2\/comments?post=107"}],"version-history":[{"count":4,"href":"https:\/\/notredamedelure.fr\/index.php\/wp-json\/wp\/v2\/pages\/107\/revisions"}],"predecessor-version":[{"id":234,"href":"https:\/\/notredamedelure.fr\/index.php\/wp-json\/wp\/v2\/pages\/107\/revisions\/234"}],"wp:attachment":[{"href":"https:\/\/notredamedelure.fr\/index.php\/wp-json\/wp\/v2\/media?parent=107"}],"curies":[{"name":"wp","href":"https:\/\/api.w.org\/{rel}","templated":true}]}}