{"id":11,"date":"2026-04-16T23:27:22","date_gmt":"2026-04-16T21:27:22","guid":{"rendered":"https:\/\/notredamedelure.fr\/index.php\/?page_id=11"},"modified":"2026-04-17T22:11:55","modified_gmt":"2026-04-17T20:11:55","slug":"accueil","status":"publish","type":"page","link":"https:\/\/notredamedelure.fr\/index.php\/","title":{"rendered":"Accueil"},"content":{"rendered":"\n<div class=\"wp-block-group is-vertical is-content-justification-center is-layout-flex wp-container-core-group-is-layout-bbc06529 wp-block-group-is-layout-flex\" style=\"margin-top:0;margin-bottom:var(--wp--preset--spacing--50);padding-top:0;padding-right:var(--wp--preset--spacing--50);padding-bottom:0;padding-left:var(--wp--preset--spacing--50)\">\n<figure class=\"wp-block-image aligncenter size-large is-resized\" style=\"margin-top:0;margin-bottom:0\"><img decoding=\"async\" src=\"\/wp-content\/uploads\/2026\/01\/abbaye-1024x721.jpeg\" alt=\"\" class=\"wp-image-443\" style=\"width:663px;height:auto\"\/><\/figure>\n<\/div>\n\n\n\n<div class=\"wp-block-columns medium-margin is-layout-flex wp-container-core-columns-is-layout-a1396a52 wp-block-columns-is-layout-flex\" style=\"padding-top:0;padding-right:0;padding-bottom:0;padding-left:0\">\n<div class=\"wp-block-column is-layout-flow wp-container-core-column-is-layout-048d0385 wp-block-column-is-layout-flow\" style=\"padding-right:0;padding-left:0;flex-basis:66.66%\">\n<p class=\"has-text-align-center is-style-text-subtitle is-style-text-subtitle--1\"><strong>Abbaye Notre-Dame de Lure<\/strong><\/p>\n\n\n\n<p><strong>Notre-Dame de Lure<\/strong>, nich\u00e9e \u00e0 environ 1 250 m\u00e8tres d\u2019altitude dans un vallon sauvage de la <strong>montagne de Lure<\/strong>, est le t\u00e9moin mill\u00e9naire d\u2019un pass\u00e9 monastique riche de la r\u00e9gion proven\u00e7ale. <strong>Fond\u00e9e en 1110 par des moines de l\u2019ordre de Chalais<\/strong>, comme d\u00e9pendance de l\u2019abbaye de Boscodon, elle s\u2019est d\u00e9velopp\u00e9e au Moyen \u00c2ge avant de p\u00e9ricliter en raison des bouleversements religieux et politiques.<\/p>\n\n\n\n<p><strong>Class\u00e9e monument historique depuis 1981<\/strong>, Notre-Dame de Lure incarne une m\u00e9moire locale pr\u00e9cieuse \u2013 celle d\u2019un lieu de recueillement, de p\u00e8lerinage, et d\u2019architecture romane montagnarde.<\/p>\n\n\n\n<p><strong>Notre association se consacre avec passion \u00e0 la sauvegarde de ce joyau architectural et spirituel<\/strong> \u2013 un entretien attentif, des campagnes de restauration et la promotion de sa valeur patrimoniale, <strong>pour que ce t\u00e9moin d\u2019histoire continue de vivre et d\u2019inspirer les g\u00e9n\u00e9rations.<\/strong><\/p>\n\n\n\n<div class=\"wp-block-buttons is-content-justification-center is-layout-flex wp-container-core-buttons-is-layout-a89b3969 wp-block-buttons-is-layout-flex\">\n<div class=\"wp-block-button\"><a class=\"wp-block-button__link has-medium-font-size has-custom-font-size wp-element-button\" href=\"\/l-abbaye\">D\u00e9couvrir l&rsquo;histoire de l&rsquo;abbaye<\/a><\/div>\n<\/div>\n<\/div>\n\n\n\n<div class=\"wp-block-column is-layout-flow wp-block-column-is-layout-flow\" style=\"flex-basis:33.33%\">\n<div class=\"wp-block-group is-vertical is-content-justification-center is-nowrap is-layout-flex wp-container-core-group-is-layout-54be60bd wp-block-group-is-layout-flex\">\n<p class=\"has-text-align-center is-style-text-subtitle is-style-text-subtitle--2\"><strong>Articles r\u00e9cents<\/strong><\/p>\n<\/div>\n\n\n<ul style=\"margin-top:var(--wp--preset--spacing--30);margin-bottom:var(--wp--preset--spacing--30);margin-left:0;margin-right:0;\" class=\"wp-block-latest-posts__list has-dates wp-block-latest-posts\"><li><a class=\"wp-block-latest-posts__post-title\" href=\"https:\/\/notredamedelure.fr\/index.php\/vos-retours-sur-le-site-de-lasal\/\">Vos retours sur le site de l&rsquo;ASAL<\/a><time datetime=\"2026-04-18T04:15:08+02:00\" class=\"wp-block-latest-posts__post-date\">18 avril 2026<\/time><\/li>\n<li><a class=\"wp-block-latest-posts__post-title\" href=\"https:\/\/notredamedelure.fr\/index.php\/le-thp-2026-fait-etape-a-labbaye\/\">Le THP 2026 fait \u00e9tape \u00e0 l&rsquo;abbaye<\/a><time datetime=\"2026-04-18T01:18:25+02:00\" class=\"wp-block-latest-posts__post-date\">18 avril 2026<\/time><\/li>\n<li><a class=\"wp-block-latest-posts__post-title\" href=\"https:\/\/notredamedelure.fr\/index.php\/hello-world\/\">Roland Andr\u00e9, dit Delbosco fils<\/a><time datetime=\"2026-04-15T05:10:28+02:00\" class=\"wp-block-latest-posts__post-date\">15 avril 2026<\/time><\/li>\n<\/ul><\/div>\n<\/div>\n\n\n\n<div style=\"height:81px\" aria-hidden=\"true\" class=\"wp-block-spacer\"><\/div>\n\n\n\n<p class=\"has-text-align-center is-style-default medium-margin has-small-font-size\">Siret : 919 562 199 00019 &#8211; APE : 9499 Z &#8211; RNA : W044006527<\/p>\n\n\n\n<p class=\"has-text-align-center medium-margin has-small-font-size\">Alpes-de-Haute-Provence &#8211; Provence-Alpes-C\u00f4te d&rsquo;Azur<\/p>\n","protected":false},"excerpt":{"rendered":"<p>Abbaye Notre-Dame de Lure Notre-Dame de Lure, nich\u00e9e \u00e0 environ 1 250 m\u00e8tres d\u2019altitude dans un vallon sauvage de la montagne de Lure, est le t\u00e9moin mill\u00e9naire d\u2019un pass\u00e9 monastique riche de la r\u00e9gion proven\u00e7ale. Fond\u00e9e en 1110 par des moines de l\u2019ordre de Chalais, comme d\u00e9pendance de l\u2019abbaye de Boscodon, elle s\u2019est d\u00e9velopp\u00e9e au [&hellip;]<\/p>\n","protected":false},"author":1,"featured_media":0,"parent":0,"menu_order":0,"comment_status":"closed","ping_status":"closed","template":"","meta":{"footnotes":""},"class_list":["post-11","page","type-page","status-publish","hentry"],"_links":{"self":[{"href":"https:\/\/notredamedelure.fr\/index.php\/wp-json\/wp\/v2\/pages\/11","targetHints":{"allow":["GET"]}}],"collection":[{"href":"https:\/\/notredamedelure.fr\/index.php\/wp-json\/wp\/v2\/pages"}],"about":[{"href":"https:\/\/notredamedelure.fr\/index.php\/wp-json\/wp\/v2\/types\/page"}],"author":[{"embeddable":true,"href":"https:\/\/notredamedelure.fr\/index.php\/wp-json\/wp\/v2\/users\/1"}],"replies":[{"embeddable":true,"href":"https:\/\/notredamedelure.fr\/index.php\/wp-json\/wp\/v2\/comments?post=11"}],"version-history":[{"count":4,"href":"https:\/\/notredamedelure.fr\/index.php\/wp-json\/wp\/v2\/pages\/11\/revisions"}],"predecessor-version":[{"id":162,"href":"https:\/\/notredamedelure.fr\/index.php\/wp-json\/wp\/v2\/pages\/11\/revisions\/162"}],"wp:attachment":[{"href":"https:\/\/notredamedelure.fr\/index.php\/wp-json\/wp\/v2\/media?parent=11"}],"curies":[{"name":"wp","href":"https:\/\/api.w.org\/{rel}","templated":true}]}}