{"id":127,"date":"2026-04-17T14:43:35","date_gmt":"2026-04-17T12:43:35","guid":{"rendered":"https:\/\/notredamedelure.fr\/index.php\/?page_id=127"},"modified":"2026-04-19T13:29:42","modified_gmt":"2026-04-19T11:29:42","slug":"adherer-soutenir","status":"publish","type":"page","link":"https:\/\/notredamedelure.fr\/index.php\/adherer-soutenir\/","title":{"rendered":"Adh\u00e9rer\/Soutenir"},"content":{"rendered":"\n<div class=\"wp-block-group is-style-default is-vertical is-layout-flex wp-container-core-group-is-layout-fe9cc265 wp-block-group-is-layout-flex\">\n<div class=\"wp-block-columns are-vertically-aligned-center is-style-default is-layout-flex wp-container-core-columns-is-layout-402b6bc0 wp-block-columns-is-layout-flex\" style=\"padding-top:var(--wp--preset--spacing--50);padding-right:var(--wp--preset--spacing--80);padding-bottom:var(--wp--preset--spacing--50);padding-left:var(--wp--preset--spacing--80)\">\n<div class=\"wp-block-column is-vertically-aligned-center is-layout-flow wp-block-column-is-layout-flow\" style=\"flex-basis:33.33%\">\n<figure class=\"wp-block-image size-full\"><img decoding=\"async\" src=\"\/wp-content\/uploads\/abbaye\/abbaye_nb.png\" alt=\"\" class=\"wp-image-38\" style=\"aspect-ratio:1.168311825260786\"\/><\/figure>\n<\/div>\n\n\n\n<div class=\"wp-block-column is-vertically-aligned-center is-layout-flow wp-block-column-is-layout-flow\" style=\"flex-basis:66.66%\">\n<div class=\"wp-block-group is-vertical is-content-justification-center is-layout-flex wp-container-core-group-is-layout-386451ff wp-block-group-is-layout-flex\" style=\"border-top-left-radius:0px;border-top-right-radius:0px;border-bottom-left-radius:0px;border-bottom-right-radius:0px;padding-top:var(--wp--preset--spacing--30);padding-right:var(--wp--preset--spacing--30);padding-bottom:var(--wp--preset--spacing--30);padding-left:var(--wp--preset--spacing--30)\">\n<h2 class=\"wp-block-heading has-text-align-left has-x-large-font-size\" style=\"border-style:none;border-width:0px\">Sauvegarde de l\u2019Abbaye Notre-Dame de Lure<\/h2>\n\n\n\n<p class=\"has-text-align-center\">Gr\u00e2ce \u00e0 votre mobilisation, l&rsquo;ASAL contribue aux travaux de r\u00e9novation de notre abbaye.<\/p>\n\n\n\n<p>Vos dons ouvrent droit \u00e0 une <strong>r\u00e9duction fiscale<\/strong><sup data-fn=\"feb71623-a58e-4ec2-a1e0-d11b1f01e31d\" class=\"fn\"><a href=\"#feb71623-a58e-4ec2-a1e0-d11b1f01e31d\" id=\"feb71623-a58e-4ec2-a1e0-d11b1f01e31d-link\">1<\/a><\/sup> de<\/p>\n\n\n\n<ul class=\"wp-block-list\">\n<li><strong>66 % <\/strong>pour les particuliers et de <\/li>\n\n\n\n<li><strong>60 % <\/strong>pour les entreprises<\/li>\n<\/ul>\n\n\n\n<div class=\"wp-block-buttons is-layout-flex wp-block-buttons-is-layout-flex\">\n<div class=\"wp-block-button has-custom-width wp-block-button__width-100 is-style-fill\"><a class=\"wp-block-button__link has-large-font-size has-custom-font-size wp-element-button\" href=\"\/wp-content\/uploads\/formulaire\/adhesion_donation.pdf\" target=\"_blank\" rel=\"noreferrer noopener\">T\u00e9l\u00e9charger le formulaire<\/a><\/div>\n<\/div>\n<\/div>\n<\/div>\n<\/div>\n<\/div>\n","protected":false},"excerpt":{"rendered":"<p>Sauvegarde de l\u2019Abbaye Notre-Dame de Lure Gr\u00e2ce \u00e0 votre mobilisation, l&rsquo;ASAL contribue aux travaux de r\u00e9novation de notre abbaye. Vos dons ouvrent droit \u00e0 une r\u00e9duction fiscale de<\/p>\n","protected":false},"author":1,"featured_media":0,"parent":0,"menu_order":0,"comment_status":"closed","ping_status":"closed","template":"nd-lure-main","meta":{"footnotes":"[{\"id\":\"feb71623-a58e-4ec2-a1e0-d11b1f01e31d\",\"content\":\"\"}]"},"class_list":["post-127","page","type-page","status-publish","hentry"],"_links":{"self":[{"href":"https:\/\/notredamedelure.fr\/index.php\/wp-json\/wp\/v2\/pages\/127","targetHints":{"allow":["GET"]}}],"collection":[{"href":"https:\/\/notredamedelure.fr\/index.php\/wp-json\/wp\/v2\/pages"}],"about":[{"href":"https:\/\/notredamedelure.fr\/index.php\/wp-json\/wp\/v2\/types\/page"}],"author":[{"embeddable":true,"href":"https:\/\/notredamedelure.fr\/index.php\/wp-json\/wp\/v2\/users\/1"}],"replies":[{"embeddable":true,"href":"https:\/\/notredamedelure.fr\/index.php\/wp-json\/wp\/v2\/comments?post=127"}],"version-history":[{"count":7,"href":"https:\/\/notredamedelure.fr\/index.php\/wp-json\/wp\/v2\/pages\/127\/revisions"}],"predecessor-version":[{"id":299,"href":"https:\/\/notredamedelure.fr\/index.php\/wp-json\/wp\/v2\/pages\/127\/revisions\/299"}],"wp:attachment":[{"href":"https:\/\/notredamedelure.fr\/index.php\/wp-json\/wp\/v2\/media?parent=127"}],"curies":[{"name":"wp","href":"https:\/\/api.w.org\/{rel}","templated":true}]}}