{"id":131,"date":"2026-04-17T14:50:27","date_gmt":"2026-04-17T12:50:27","guid":{"rendered":"https:\/\/notredamedelure.fr\/index.php\/?page_id=131"},"modified":"2026-04-18T04:26:05","modified_gmt":"2026-04-18T02:26:05","slug":"le-cellier","status":"publish","type":"page","link":"https:\/\/notredamedelure.fr\/index.php\/l-abbaye\/le-cellier\/","title":{"rendered":"Le Cellier"},"content":{"rendered":"<figure style=\"padding-top:0;padding-bottom:0;padding-left:var(--wp--preset--spacing--50);padding-right:var(--wp--preset--spacing--50);margin-top:0;margin-bottom:0;margin-left:var(--wp--preset--spacing--50);margin-right:var(--wp--preset--spacing--50);\" class=\"wp-block-post-featured-image\"><img loading=\"lazy\" decoding=\"async\" width=\"1600\" height=\"883\" src=\"https:\/\/notredamedelure.fr\/wp-content\/uploads\/2026\/04\/le-cellier.jpg\" class=\"attachment-post-thumbnail size-post-thumbnail wp-post-image\" alt=\"\" style=\"object-fit:cover;\" srcset=\"https:\/\/notredamedelure.fr\/wp-content\/uploads\/2026\/04\/le-cellier.jpg 1600w, https:\/\/notredamedelure.fr\/wp-content\/uploads\/2026\/04\/le-cellier-300x166.jpg 300w, https:\/\/notredamedelure.fr\/wp-content\/uploads\/2026\/04\/le-cellier-1024x565.jpg 1024w, https:\/\/notredamedelure.fr\/wp-content\/uploads\/2026\/04\/le-cellier-768x424.jpg 768w, https:\/\/notredamedelure.fr\/wp-content\/uploads\/2026\/04\/le-cellier-1536x848.jpg 1536w\" sizes=\"auto, (max-width: 1600px) 100vw, 1600px\" \/><\/figure>\n\n<h2 style=\"padding-right:var(--wp--preset--spacing--50);padding-left:var(--wp--preset--spacing--50);padding-top:0;padding-bottom:0;margin-top:var(--wp--preset--spacing--30);margin-bottom:var(--wp--preset--spacing--30);margin-left:var(--wp--preset--spacing--50);margin-right:var(--wp--preset--spacing--50);\" class=\"wp-block-post-title\">Le Cellier<\/h2>\n\n\n<p style=\"margin-top:0;margin-right:var(--wp--preset--spacing--50);margin-bottom:0;margin-left:var(--wp--preset--spacing--50);padding-top:0;padding-right:var(--wp--preset--spacing--50);padding-bottom:0;padding-left:var(--wp--preset--spacing--50)\">Au XIV<sup>e<\/sup> si\u00e8cle, les moines de l\u2019Abbaye Notre-Dame de Lure construisent un cellier, dans la tradition des constructions chalaisiennes, sur des terres fertiles et mara\u00eech\u00e8res. Utilis\u00e9 \u00e9galement comme g\u00eete d\u2019\u00e9tape, il permettait, d\u2019une part, un hivernage dans un lieu s\u00fbr et r\u00e9pondait, d\u2019autre part, \u00e0 la n\u00e9cessit\u00e9 d\u2019h\u00e9bergement et de ravitaillement des moines sur le circuit des abbayes chalaisiennes, ainsi que des transhumances.<\/p>\n\n\n\n<div style=\"height:40px\" aria-hidden=\"true\" class=\"wp-block-spacer\"><\/div>\n\n\n\n<hr class=\"wp-block-separator has-alpha-channel-opacity\"\/>\n\n\n\n<div style=\"height:40px\" aria-hidden=\"true\" class=\"wp-block-spacer\"><\/div>\n\n\n\n<p class=\"has-text-align-center\" style=\"margin-top:0;margin-right:var(--wp--preset--spacing--50);margin-bottom:0;margin-left:var(--wp--preset--spacing--50);padding-top:0;padding-right:var(--wp--preset--spacing--50);padding-bottom:0;padding-left:var(--wp--preset--spacing--50)\"><em><strong>Le cellier est aujourd&rsquo;hui une propri\u00e9t\u00e9 priv\u00e9e .<br>Le lieu et le b\u00e2timent ne sont pas visitables.<\/strong><\/em><\/p>\n\n\n\n<div style=\"height:40px\" aria-hidden=\"true\" class=\"wp-block-spacer\"><\/div>\n","protected":false},"excerpt":{"rendered":"<p>Au XIVe si\u00e8cle, les moines de l\u2019Abbaye Notre-Dame de Lure construisent un cellier, dans la tradition des constructions chalaisiennes, sur des terres fertiles et mara\u00eech\u00e8res. Utilis\u00e9 \u00e9galement comme g\u00eete d\u2019\u00e9tape, il permettait, d\u2019une part, un hivernage dans un lieu s\u00fbr et r\u00e9pondait, d\u2019autre part, \u00e0 la n\u00e9cessit\u00e9 d\u2019h\u00e9bergement et de ravitaillement des moines sur le [&hellip;]<\/p>\n","protected":false},"author":1,"featured_media":255,"parent":2,"menu_order":0,"comment_status":"closed","ping_status":"closed","template":"nd-lure-main","meta":{"footnotes":""},"class_list":["post-131","page","type-page","status-publish","has-post-thumbnail","hentry"],"_links":{"self":[{"href":"https:\/\/notredamedelure.fr\/index.php\/wp-json\/wp\/v2\/pages\/131","targetHints":{"allow":["GET"]}}],"collection":[{"href":"https:\/\/notredamedelure.fr\/index.php\/wp-json\/wp\/v2\/pages"}],"about":[{"href":"https:\/\/notredamedelure.fr\/index.php\/wp-json\/wp\/v2\/types\/page"}],"author":[{"embeddable":true,"href":"https:\/\/notredamedelure.fr\/index.php\/wp-json\/wp\/v2\/users\/1"}],"replies":[{"embeddable":true,"href":"https:\/\/notredamedelure.fr\/index.php\/wp-json\/wp\/v2\/comments?post=131"}],"version-history":[{"count":15,"href":"https:\/\/notredamedelure.fr\/index.php\/wp-json\/wp\/v2\/pages\/131\/revisions"}],"predecessor-version":[{"id":256,"href":"https:\/\/notredamedelure.fr\/index.php\/wp-json\/wp\/v2\/pages\/131\/revisions\/256"}],"up":[{"embeddable":true,"href":"https:\/\/notredamedelure.fr\/index.php\/wp-json\/wp\/v2\/pages\/2"}],"wp:featuredmedia":[{"embeddable":true,"href":"https:\/\/notredamedelure.fr\/index.php\/wp-json\/wp\/v2\/media\/255"}],"wp:attachment":[{"href":"https:\/\/notredamedelure.fr\/index.php\/wp-json\/wp\/v2\/media?parent=131"}],"curies":[{"name":"wp","href":"https:\/\/api.w.org\/{rel}","templated":true}]}}