{"id":3,"date":"2026-04-15T05:10:28","date_gmt":"2026-04-15T05:10:28","guid":{"rendered":"http:\/\/notredamedelure.fr\/?page_id=3"},"modified":"2026-04-17T22:09:46","modified_gmt":"2026-04-17T20:09:46","slug":"mentions-legales","status":"publish","type":"page","link":"https:\/\/notredamedelure.fr\/index.php\/mentions-legales\/","title":{"rendered":"Mentions l\u00e9gales"},"content":{"rendered":"\n<h2 class=\"wp-block-heading has-text-align-center is-style-default\" style=\"margin-top:var(--wp--preset--spacing--30);margin-bottom:var(--wp--preset--spacing--30)\">Mentions l\u00e9gales<\/h2>\n\n\n\n<div class=\"wp-block-group large-margin is-vertical is-layout-flex wp-container-core-group-is-layout-fe9cc265 wp-block-group-is-layout-flex\">\n<p class=\"has-text-align-center has-small-font-size\">Conform\u00e9ment aux dispositions des articles 6-III et 19 de la loi n\u00b0 2004-575 du 21 juin 2004 pour la confiance dans l\u2019\u00e9conomie num\u00e9rique, nous vous informons des pr\u00e9sentes mentions l\u00e9gales.<\/p>\n\n\n\n<div class=\"wp-block-group is-vertical is-layout-flex wp-container-core-group-is-layout-af292921 wp-block-group-is-layout-flex\" style=\"margin-top:var(--wp--preset--spacing--20);margin-bottom:var(--wp--preset--spacing--20)\">\n<h3 class=\"wp-block-heading has-large-font-size\">\u00c9diteur du site<\/h3>\n\n\n\n<p class=\"has-medium-font-size\"><strong>Association de Sauvegarde de l&rsquo;Abbaye de Lure et du Patrimoine de Saint-\u00c9tienne-les-Orgues (A.S.A.L.)<\/strong> &#8211; Association loi 1901<\/p>\n\n\n\n<p class=\"has-medium-font-size\"><strong>Adresse&nbsp;:<\/strong> rue de l&rsquo;Arboux, 04230 Saint-\u00c9tienne-les-Orgues, Alpes-de-Haute-Provence, France<\/p>\n\n\n\n<p class=\"has-medium-font-size\"><strong>T\u00e9l\u00e9phone&nbsp;:<\/strong> [num\u00e9ro]<\/p>\n\n\n\n<p class=\"has-medium-font-size\"><strong>Email&nbsp;:<\/strong> <a href=\"assoabbayedelure@gmail.com\" target=\"_blank\" rel=\"noreferrer noopener\">assoabbayedelure@gmail.com<\/a><\/p>\n\n\n\n<p class=\"has-medium-font-size\"><strong>RNA&nbsp;:<\/strong> W044006527 (Registre National des Associations)<\/p>\n\n\n\n<p class=\"has-medium-font-size\"><strong>SIRET&nbsp;:<\/strong> 919 562 199 00019<\/p>\n\n\n\n<p class=\"has-medium-font-size\"><strong>Directeur de la publication&nbsp;:<\/strong> Jean-Yves ROCHE (pr\u00e9sident), jybe.soleil13@sfr.fr<\/p>\n<\/div>\n\n\n\n<div class=\"wp-block-group is-vertical is-layout-flex wp-container-core-group-is-layout-94626066 wp-block-group-is-layout-flex\" style=\"margin-top:var(--wp--preset--spacing--20);margin-bottom:var(--wp--preset--spacing--20);padding-top:0;padding-bottom:0\">\n<h3 class=\"wp-block-heading has-large-font-size\">H\u00e9bergeur du site<\/h3>\n\n\n\n<p class=\"has-medium-font-size\"><strong>Nom: <\/strong>[Nom de l\u2019h\u00e9bergeur]<\/p>\n\n\n\n<p class=\"has-medium-font-size\"><strong>Adresse :<\/strong>[adresse compl\u00e8te de l\u2019h\u00e9bergeur]<\/p>\n\n\n\n<p class=\"has-medium-font-size\"><strong>T\u00e9l\u00e9phone : <\/strong>[num\u00e9ro]<\/p>\n\n\n\n<p class=\"has-medium-font-size\"><strong>Site web :<\/strong> [lien vers le site de l\u2019h\u00e9bergeur]<\/p>\n<\/div>\n\n\n\n<div class=\"wp-block-group is-vertical is-layout-flex wp-container-core-group-is-layout-af292921 wp-block-group-is-layout-flex\" style=\"margin-top:var(--wp--preset--spacing--20);margin-bottom:var(--wp--preset--spacing--20)\">\n<h3 class=\"wp-block-heading\">Propri\u00e9t\u00e9 intellectuelle<\/h3>\n\n\n\n<p class=\"has-medium-font-size\">L\u2019ensemble des contenus (textes, images, logos, vid\u00e9os, etc.) pr\u00e9sents sur ce site est prot\u00e9g\u00e9 par le droit d\u2019auteur. Toute reproduction ou utilisation non autoris\u00e9e est interdite. Les marques et logos de l\u2019association ne peuvent \u00eatre utilis\u00e9s sans autorisation \u00e9crite pr\u00e9alable.<\/p>\n<\/div>\n\n\n\n<div class=\"wp-block-group is-vertical is-layout-flex wp-container-core-group-is-layout-af292921 wp-block-group-is-layout-flex\" style=\"margin-top:var(--wp--preset--spacing--20);margin-bottom:var(--wp--preset--spacing--20)\">\n<h3 class=\"wp-block-heading\">Donn\u00e9es personnelles<\/h3>\n\n\n\n<p class=\"has-medium-font-size\">Conform\u00e9ment au RGPD, les donn\u00e9es collect\u00e9es via ce site (formulaires, cookies, etc.) sont trait\u00e9es dans le respect de la vie priv\u00e9e. Pour en savoir plus, consultez notre Politique de confidentialit\u00e9. Responsable des donn\u00e9es : [Nom et email du d\u00e9l\u00e9gu\u00e9 \u00e0 la protection des donn\u00e9es, si applicable]<\/p>\n<\/div>\n\n\n\n<div class=\"wp-block-group is-vertical is-layout-flex wp-container-core-group-is-layout-af292921 wp-block-group-is-layout-flex\" style=\"margin-top:var(--wp--preset--spacing--20);margin-bottom:var(--wp--preset--spacing--20)\">\n<h3 class=\"wp-block-heading\">Cookies<\/h3>\n\n\n\n<p class=\"has-medium-font-size\">Ce site utilise des cookies pour am\u00e9liorer l\u2019exp\u00e9rience utilisateur et analyser le trafic. Vous pouvez refuser les cookies non essentiels via les param\u00e8tres de votre navigateur.<\/p>\n<\/div>\n\n\n\n<div class=\"wp-block-group is-vertical is-layout-flex wp-container-core-group-is-layout-af292921 wp-block-group-is-layout-flex\" style=\"margin-top:var(--wp--preset--spacing--20);margin-bottom:var(--wp--preset--spacing--20)\">\n<h3 class=\"wp-block-heading\">Liens hypertextes<\/h3>\n\n\n\n<p class=\"has-medium-font-size\">L\u2019association ne peut \u00eatre tenue responsable du contenu des sites externes vers lesquels des liens sont propos\u00e9s.<\/p>\n<\/div>\n\n\n\n<div class=\"wp-block-group is-vertical is-layout-flex wp-container-core-group-is-layout-af292921 wp-block-group-is-layout-flex\" style=\"margin-top:var(--wp--preset--spacing--20);margin-bottom:var(--wp--preset--spacing--20)\">\n<h3 class=\"wp-block-heading\">Limitation de responsabilit\u00e9<\/h3>\n\n\n\n<p class=\"has-medium-font-size\">L\u2019association s\u2019efforce de fournir des informations exactes et mises \u00e0 jour, mais ne peut garantir l\u2019absence d\u2019erreurs. Les utilisateurs sont invit\u00e9s \u00e0 v\u00e9rifier les informations avant toute utilisation.<\/p>\n<\/div>\n\n\n\n<div class=\"wp-block-group is-vertical is-layout-flex wp-container-core-group-is-layout-af292921 wp-block-group-is-layout-flex\" style=\"margin-top:var(--wp--preset--spacing--20);margin-bottom:var(--wp--preset--spacing--20)\">\n<h3 class=\"wp-block-heading\">Droit applicable<\/h3>\n\n\n\n<p class=\"has-medium-font-size\">Les pr\u00e9sentes mentions l\u00e9gales sont r\u00e9gies par le droit fran\u00e7ais. Tout litige sera soumis aux tribunaux comp\u00e9tents de [ville du si\u00e8ge social].<\/p>\n<\/div>\n\n\n\n<div class=\"wp-block-group is-vertical is-layout-flex wp-container-core-group-is-layout-af292921 wp-block-group-is-layout-flex\" style=\"margin-top:var(--wp--preset--spacing--20);margin-bottom:var(--wp--preset--spacing--20)\">\n<h3 class=\"wp-block-heading\">Notes compl\u00e9mentaires<\/h3>\n\n\n\n<p class=\"has-medium-font-size\">RGPD : Si votre site collecte des donn\u00e9es personnelles (newsletter, dons, etc.), ajoutez un lien vers une page d\u00e9di\u00e9e \u00e0 la politique de confidentialit\u00e9. Cookies : Si vous utilisez des outils comme Google Analytics, pr\u00e9cisez-le et proposez un moyen de d\u00e9sactiver le suivi. Licences : Si vous utilisez des contenus sous licence (photos, musiques), mentionnez-les.<\/p>\n<\/div>\n<\/div>\n\n\n<h2 class=\"wp-block-heading\">Who we are<\/h2>\n\n\n<p><strong class=\"privacy-policy-tutorial\">Suggested text: <\/strong>Our website address is: http:\/\/notredamedelure.fr.<\/p>\n\n\n<h2 class=\"wp-block-heading\">Comments<\/h2>\n\n\n<p><strong class=\"privacy-policy-tutorial\">Suggested text: <\/strong>When visitors leave comments on the site we collect the data shown in the comments form, and also the visitor&#8217;s IP address and browser user agent string to help spam detection.<\/p>\n\n\n<p>An anonymized string created from your email address (also called a hash) may be provided to the Gravatar service to see if you are using it. The Gravatar service privacy policy is available here: https:\/\/automattic.com\/privacy\/. After approval of your comment, your profile picture is visible to the public in the context of your comment.<\/p>\n\n\n<h2 class=\"wp-block-heading\">Media<\/h2>\n\n\n<p><strong class=\"privacy-policy-tutorial\">Suggested text: <\/strong>If you upload images to the website, you should avoid uploading images with embedded location data (EXIF GPS) included. Visitors to the website can download and extract any location data from images on the website.<\/p>\n\n\n<h2 class=\"wp-block-heading\">Cookies<\/h2>\n\n\n<p><strong class=\"privacy-policy-tutorial\">Suggested text: <\/strong>If you leave a comment on our site you may opt-in to saving your name, email address and website in cookies. These are for your convenience so that you do not have to fill in your details again when you leave another comment. These cookies will last for one year.<\/p>\n\n\n<p>If you visit our login page, we will set a temporary cookie to determine if your browser accepts cookies. This cookie contains no personal data and is discarded when you close your browser.<\/p>\n\n\n<p>When you log in, we will also set up several cookies to save your login information and your screen display choices. Login cookies last for two days, and screen options cookies last for a year. If you select &quot;Remember Me&quot;, your login will persist for two weeks. If you log out of your account, the login cookies will be removed.<\/p>\n\n\n<p>If you edit or publish an article, an additional cookie will be saved in your browser. This cookie includes no personal data and simply indicates the post ID of the article you just edited. It expires after 1 day.<\/p>\n\n\n<h2 class=\"wp-block-heading\">Embedded content from other websites<\/h2>\n\n\n<p><strong class=\"privacy-policy-tutorial\">Suggested text: <\/strong>Articles on this site may include embedded content (e.g. videos, images, articles, etc.). Embedded content from other websites behaves in the exact same way as if the visitor has visited the other website.<\/p>\n\n\n<p>These websites may collect data about you, use cookies, embed additional third-party tracking, and monitor your interaction with that embedded content, including tracking your interaction with the embedded content if you have an account and are logged in to that website.<\/p>\n\n\n<h2 class=\"wp-block-heading\">Who we share your data with<\/h2>\n\n\n<p><strong class=\"privacy-policy-tutorial\">Suggested text: <\/strong>If you request a password reset, your IP address will be included in the reset email.<\/p>\n\n\n<h2 class=\"wp-block-heading\">How long we retain your data<\/h2>\n\n\n<p><strong class=\"privacy-policy-tutorial\">Suggested text: <\/strong>If you leave a comment, the comment and its metadata are retained indefinitely. This is so we can recognize and approve any follow-up comments automatically instead of holding them in a moderation queue.<\/p>\n\n\n<p>For users that register on our website (if any), we also store the personal information they provide in their user profile. All users can see, edit, or delete their personal information at any time (except they cannot change their username). Website administrators can also see and edit that information.<\/p>\n\n\n<h2 class=\"wp-block-heading\">What rights you have over your data<\/h2>\n\n\n<p><strong class=\"privacy-policy-tutorial\">Suggested text: <\/strong>If you have an account on this site, or have left comments, you can request to receive an exported file of the personal data we hold about you, including any data you have provided to us. You can also request that we erase any personal data we hold about you. This does not include any data we are obliged to keep for administrative, legal, or security purposes.<\/p>\n\n\n<h2 class=\"wp-block-heading\">Where your data is sent<\/h2>\n\n\n<p><strong class=\"privacy-policy-tutorial\">Suggested text: <\/strong>Visitor comments may be checked through an automated spam detection service.<\/p>\n\n","protected":false},"excerpt":{"rendered":"<p>Mentions l\u00e9gales Conform\u00e9ment aux dispositions des articles 6-III et 19 de la loi n\u00b0 2004-575 du 21 juin 2004 pour la confiance dans l\u2019\u00e9conomie num\u00e9rique, nous vous informons des pr\u00e9sentes mentions l\u00e9gales. \u00c9diteur du site Association de Sauvegarde de l&rsquo;Abbaye de Lure et du Patrimoine de Saint-\u00c9tienne-les-Orgues (A.S.A.L.) &#8211; Association loi 1901 Adresse&nbsp;: rue de [&hellip;]<\/p>\n","protected":false},"author":1,"featured_media":0,"parent":0,"menu_order":0,"comment_status":"closed","ping_status":"closed","template":"nd-lure-main","meta":{"footnotes":""},"class_list":["post-3","page","type-page","status-publish","hentry"],"_links":{"self":[{"href":"https:\/\/notredamedelure.fr\/index.php\/wp-json\/wp\/v2\/pages\/3","targetHints":{"allow":["GET"]}}],"collection":[{"href":"https:\/\/notredamedelure.fr\/index.php\/wp-json\/wp\/v2\/pages"}],"about":[{"href":"https:\/\/notredamedelure.fr\/index.php\/wp-json\/wp\/v2\/types\/page"}],"author":[{"embeddable":true,"href":"https:\/\/notredamedelure.fr\/index.php\/wp-json\/wp\/v2\/users\/1"}],"replies":[{"embeddable":true,"href":"https:\/\/notredamedelure.fr\/index.php\/wp-json\/wp\/v2\/comments?post=3"}],"version-history":[{"count":1,"href":"https:\/\/notredamedelure.fr\/index.php\/wp-json\/wp\/v2\/pages\/3\/revisions"}],"predecessor-version":[{"id":130,"href":"https:\/\/notredamedelure.fr\/index.php\/wp-json\/wp\/v2\/pages\/3\/revisions\/130"}],"wp:attachment":[{"href":"https:\/\/notredamedelure.fr\/index.php\/wp-json\/wp\/v2\/media?parent=3"}],"curies":[{"name":"wp","href":"https:\/\/api.w.org\/{rel}","templated":true}]}}